{"id":121,"date":"2012-08-01T15:11:08","date_gmt":"2012-08-01T13:11:08","guid":{"rendered":"http:\/\/www.michlmichl.ch\/?page_id=121"},"modified":"2015-12-03T16:50:11","modified_gmt":"2015-12-03T15:50:11","slug":"michl","status":"publish","type":"page","link":"https:\/\/www.michlmichl.ch\/","title":{"rendered":"michl&#8217;s"},"content":{"rendered":"<blockquote>\n<h2 style=\"text-align: left;\"><span style=\"color: #800000;\">Jede Art zu schreiben ist erlaubt \u2013<\/span><br \/><span style=\"color: #800000;\"> nur die langweilige nicht<\/span><\/h2>\n<\/blockquote>\n<p style=\"text-align: left;\">Voltaire<\/p>\n<p style=\"text-align: right;\">leser, lieber, leserin, liebe<br \/>in meinen blocks blocke ich, wie ihr unschwer feststellt, \u00fcber 2 dinge des lebens: die un- und die erfreulichen.<\/p>\n<p style=\"text-align: right;\">im motzblock motze ich z\u00fcnftig ab (unerfreulich), im tr\u00e4wlblock berichte ich von meinen reiseabenteuern (erfreulich).<\/p>\n<p style=\"text-align: right;\">wer also st\u00e4ndiges motzen nicht vertr\u00e4gt, l\u00e4sst das lesen dessen und verfolgt den reiseblock. wer mir das reisen nicht g\u00f6nnen mag, \u00e4rgere sich und lese den motzblock.<\/p>\n<p style=\"text-align: right;\">es ist wie im leben: alles hat 2 seiten. dichotomie nennt sich das. ist aber nicht weiter schlimm.<\/p>\n<p style=\"text-align: right;\"><span style=\"color: #800000;\">michl<\/span><\/p>\n","protected":false},"excerpt":{"rendered":"<p>Jede Art zu schreiben ist erlaubt \u2013 nur die langweilige nicht Voltaire leser, lieber, leserin, liebein meinen blocks blocke ich, wie ihr unschwer feststellt, \u00fcber 2 dinge des lebens: die un- und die erfreulichen. im motzblock motze ich z\u00fcnftig ab (unerfreulich), im tr\u00e4wlblock berichte ich von meinen reiseabenteuern (erfreulich). wer also st\u00e4ndiges motzen nicht vertr\u00e4gt, [&hellip;]<\/p>\n","protected":false},"author":1,"featured_media":0,"parent":0,"menu_order":0,"comment_status":"closed","ping_status":"closed","template":"","meta":{"footnotes":""},"class_list":["post-121","page","type-page","status-publish","hentry"],"_links":{"self":[{"href":"https:\/\/www.michlmichl.ch\/index.php?rest_route=\/wp\/v2\/pages\/121","targetHints":{"allow":["GET"]}}],"collection":[{"href":"https:\/\/www.michlmichl.ch\/index.php?rest_route=\/wp\/v2\/pages"}],"about":[{"href":"https:\/\/www.michlmichl.ch\/index.php?rest_route=\/wp\/v2\/types\/page"}],"author":[{"embeddable":true,"href":"https:\/\/www.michlmichl.ch\/index.php?rest_route=\/wp\/v2\/users\/1"}],"replies":[{"embeddable":true,"href":"https:\/\/www.michlmichl.ch\/index.php?rest_route=%2Fwp%2Fv2%2Fcomments&post=121"}],"version-history":[{"count":27,"href":"https:\/\/www.michlmichl.ch\/index.php?rest_route=\/wp\/v2\/pages\/121\/revisions"}],"predecessor-version":[{"id":3975,"href":"https:\/\/www.michlmichl.ch\/index.php?rest_route=\/wp\/v2\/pages\/121\/revisions\/3975"}],"wp:attachment":[{"href":"https:\/\/www.michlmichl.ch\/index.php?rest_route=%2Fwp%2Fv2%2Fmedia&parent=121"}],"curies":[{"name":"wp","href":"https:\/\/api.w.org\/{rel}","templated":true}]}}