{"id":117,"date":"2016-11-28T21:13:27","date_gmt":"2016-11-28T20:13:27","guid":{"rendered":"http:\/\/www.michlmichl.ch\/wordpress_2\/?page_id=117"},"modified":"2025-10-20T13:35:25","modified_gmt":"2025-10-20T13:35:25","slug":"autor","status":"publish","type":"page","link":"https:\/\/www.michlmichl.ch\/wordpress_2\/index.php\/autor\/","title":{"rendered":"Autor"},"content":{"rendered":"<div class=\"et_pb_slide_description\">\n<h2 class=\"et_pb_slide_title\"><span style=\"color: #811111;\">Michael Hug &#8211; Jour\u00adna\u00adlist, Autor, Reisender<\/span><\/h2>\n<div class=\"et_pb_slide_content\">\n<p>Dies ist die Auto\u00adren\u00adseite von mir, Michael Hug.<br \/>\nErfah\u00adre hier mehr \u00fcber mich, meine Lei\u00adden\u00adschaf\u00adten und meine Projekte.<\/p>\n<p style=\"text-align: justify;\">Ich bin Kos\u00admo\u00adpo\u00adlit, Weltb\u00fcrger und Weltwanderer, aber ebenso auch Boden\u00adst\u00e4n\u00addi\u00adger, Hei\u00admatver\u00adbun\u00adde\u00adner und Verwurzelter. Ich bin von heftiger Neugier getrieben, diese Welt anzusehen und mir Gedanken \u00fcber meine Eindr\u00fccke zu machen. Ohne dar\u00fcber zu schreiben, macht mir das Entdecken keinen Sinn. Also schreibe ich. Reisen und Schreiben sind &#8211; neben Essen und ein paar weiteren Vergn\u00fcgen &#8211; meine Leidenschaften. Die Reihenfolge ist egal, nur gut muss es sein.<br \/>\n\u00abMichael Hug ver\u00adbin\u00addet bri\u00adti\u00adsches Under\u00adstate\u00adment mit einem ebenso angel\u00ads\u00e4ch\u00adsisch aus\u00adge\u00adpr\u00e4g\u00adten Sinn f\u00fcr Humor und l\u00e4sst dabei doch kei\u00adnen Zwei\u00adfel an sei\u00adner hel\u00adve\u00adti\u00adschen Her\u00adkunft\u00bb, sagt mein erster Verleger Rod H\u00fctzen. Und weiter: \u00abDas Neben\u00ads\u00e4ch\u00adli\u00adche ist der Star sei\u00adner Prosa, Texte mit klei\u00adnen Geschich\u00adten aus sei\u00adnem Leben ver\u00adkn\u00fcpft mit ganz eigen\u00adwil\u00adli\u00adgen Ansich\u00adten einer Per\u00adson, die die Spra\u00adche liebt und diese f\u00fcr sich so model\u00adliert, dass der Leser stets mit Span\u00adnung das n\u00e4chste High\u00adlight des Unschein\u00adba\u00adren sucht.\u00bb<br \/>\nJa genau. Ich schreibe was ich sehe und empfinde, bleibe dabei aber der Journalist, der die Fakten sucht und beipackt. Man nennt diesen Schreibstil \u00ab<a href=\"https:\/\/de.wikipedia.org\/wiki\/Gonzo-Journalismus\" target=\"_blank\" rel=\"noopener\">Gonzo-Jounalismus<\/a>\u00bb, der gepr\u00e4gt ist von der subjektiven Sicht der Dinge und der Art, wie sie auf den Beobachter &#8211; mich, den Schreibenden &#8211; wirken. Nochmals Verleger <a href=\"http:\/\/michael.hug.huetzen.com\/\" target=\"_blank\" rel=\"noopener\">H\u00fctzen<\/a>: \u00abEr sen\u00addet seine Bot\u00adschaf\u00adten so, wie sie in sei\u00adnem Kopf ent\u00adste\u00adhen: unver\u00adf\u00e4lscht, ehr\u00adlich und direkt\u2026\u00bb.<\/p>\n<p style=\"text-align: right;\">Dem kann ich nichts mehr beif\u00fcgen &#8211; ausser diesem<br \/>\n<a href=\"http:\/\/www.michlmichl.ch\/wordpress_2\/index.php\/inti\/\">Interview<\/a> &#8211; tscheggidaut! Meine B\u00fccher findet ihr im <a href=\"http:\/\/www.michlmichl.ch\/wordpress_2\/index.php\/shop\/\">Shop<\/a>.<\/p>\n<p><img loading=\"lazy\" decoding=\"async\" class=\"alignright size-full wp-image-146\" src=\"https:\/\/www.michlmichl.ch\/wordpress_2\/wp-content\/uploads\/2016\/12\/grippedbag_DSC7283_michl_web_1600x600.jpg\" alt=\"grippedbag_dsc7283_michl_web_1600x600\" width=\"1600\" height=\"600\" srcset=\"https:\/\/www.michlmichl.ch\/wordpress_2\/wp-content\/uploads\/2016\/12\/grippedbag_DSC7283_michl_web_1600x600.jpg 1600w, https:\/\/www.michlmichl.ch\/wordpress_2\/wp-content\/uploads\/2016\/12\/grippedbag_DSC7283_michl_web_1600x600-300x113.jpg 300w, https:\/\/www.michlmichl.ch\/wordpress_2\/wp-content\/uploads\/2016\/12\/grippedbag_DSC7283_michl_web_1600x600-600x225.jpg 600w, https:\/\/www.michlmichl.ch\/wordpress_2\/wp-content\/uploads\/2016\/12\/grippedbag_DSC7283_michl_web_1600x600-768x288.jpg 768w, https:\/\/www.michlmichl.ch\/wordpress_2\/wp-content\/uploads\/2016\/12\/grippedbag_DSC7283_michl_web_1600x600-1024x384.jpg 1024w, https:\/\/www.michlmichl.ch\/wordpress_2\/wp-content\/uploads\/2016\/12\/grippedbag_DSC7283_michl_web_1600x600-100x38.jpg 100w\" sizes=\"auto, (max-width: 1600px) 100vw, 1600px\" \/><\/p>\n<\/div>\n<\/div>\n","protected":false},"excerpt":{"rendered":"<p>Michael Hug &#8211; Jour\u00adna\u00adlist, Autor, Reisender Dies ist die Auto\u00adren\u00adseite von mir, Michael Hug. Erfah\u00adre hier mehr \u00fcber mich, meine Lei\u00adden\u00adschaf\u00adten und meine Projekte. Ich bin Kos\u00admo\u00adpo\u00adlit, Weltb\u00fcrger und Weltwanderer, aber ebenso auch Boden\u00adst\u00e4n\u00addi\u00adger, Hei\u00admatver\u00adbun\u00adde\u00adner und Verwurzelter. Ich bin von heftiger Neugier getrieben, diese Welt anzusehen und mir Gedanken \u00fcber meine Eindr\u00fccke zu machen. Ohne<\/p>\n<div class=\"more-link\">\n             <a href=\"https:\/\/www.michlmichl.ch\/wordpress_2\/index.php\/autor\/\" class=\"theme-btn\"><span>Weiterlesen <\/span><i class=\"bi bi-arrow-right\"><\/i><\/a>\n        <\/div>\n","protected":false},"author":1,"featured_media":2744,"parent":0,"menu_order":0,"comment_status":"closed","ping_status":"closed","template":"","meta":{"footnotes":""},"class_list":["post-117","page","type-page","status-publish","has-post-thumbnail","hentry"],"_links":{"self":[{"href":"https:\/\/www.michlmichl.ch\/wordpress_2\/index.php\/wp-json\/wp\/v2\/pages\/117","targetHints":{"allow":["GET"]}}],"collection":[{"href":"https:\/\/www.michlmichl.ch\/wordpress_2\/index.php\/wp-json\/wp\/v2\/pages"}],"about":[{"href":"https:\/\/www.michlmichl.ch\/wordpress_2\/index.php\/wp-json\/wp\/v2\/types\/page"}],"author":[{"embeddable":true,"href":"https:\/\/www.michlmichl.ch\/wordpress_2\/index.php\/wp-json\/wp\/v2\/users\/1"}],"replies":[{"embeddable":true,"href":"https:\/\/www.michlmichl.ch\/wordpress_2\/index.php\/wp-json\/wp\/v2\/comments?post=117"}],"version-history":[{"count":37,"href":"https:\/\/www.michlmichl.ch\/wordpress_2\/index.php\/wp-json\/wp\/v2\/pages\/117\/revisions"}],"predecessor-version":[{"id":4071,"href":"https:\/\/www.michlmichl.ch\/wordpress_2\/index.php\/wp-json\/wp\/v2\/pages\/117\/revisions\/4071"}],"wp:featuredmedia":[{"embeddable":true,"href":"https:\/\/www.michlmichl.ch\/wordpress_2\/index.php\/wp-json\/wp\/v2\/media\/2744"}],"wp:attachment":[{"href":"https:\/\/www.michlmichl.ch\/wordpress_2\/index.php\/wp-json\/wp\/v2\/media?parent=117"}],"curies":[{"name":"wp","href":"https:\/\/api.w.org\/{rel}","templated":true}]}}