{"id":1996,"date":"2018-02-25T22:44:57","date_gmt":"2018-02-25T21:44:57","guid":{"rendered":"http:\/\/www.michlmichl.ch\/wordpress_2\/?post_type=product&#038;p=1996"},"modified":"2026-04-14T15:50:38","modified_gmt":"2026-04-14T15:50:38","slug":"mediterranea","status":"publish","type":"product","link":"https:\/\/www.michlmichl.ch\/wordpress_2\/index.php\/produkt\/mediterranea\/","title":{"rendered":"Mediterranea"},"content":{"rendered":"<p>gedruckte Ausgabe mit Gummi drum<\/p>\n","protected":false},"excerpt":{"rendered":"<p style=\"text-align: justify;\">Im Erstling \u00abMediterranea\u00bb beschreibt Michael Hug, wie er auf Anraten seiner verstorbenen Grossmutter in ein Kloster auf der griechischen M\u00f6nchs-Halbinsel Athos kam. Der Besuch im Kloster \u00abSimonos Petras\u00bb war nicht nur die Initialz\u00fcndung f\u00fcr das Buch, besser: die B\u00fccher, sondern auch der Ausl\u00f6ser einer Lebensumkrempelung. \u00abIch habe die Krise\u00bb schreibt der Autor im ersten Kapitel, worauf er auf Malta das Containerschiff \u00abHydra\u00bb besteigt.<br \/>\n[acx_slideshow name=&#187;mediterranea slide&#187; width=&#187;600px&#187; height=&#187;500px&#187;]<\/p>\n<p>Eine ungl\u00fccklich verlaufene Liebesgeschichte, die Zeit in Untermiete bei einer vegetarisch lebenden Schlummermutter und der Sommer in einem Zirkus-Wohnwagen sind die weiteren Geschichten in \u00abMediterranea\u00bb. Immer wieder aber reist Michael Hug: nach Kairo, nach Kopenhagen, nach Istanbul und und und&#8230;.<\/p>\n","protected":false},"featured_media":187,"comment_status":"closed","ping_status":"closed","template":"","meta":[],"product_brand":[],"product_cat":[44],"product_tag":[],"class_list":{"0":"post-1996","1":"product","2":"type-product","3":"status-publish","4":"has-post-thumbnail","6":"product_cat-uncategorized","7":"product_shipping_class-versand-mit-portopauschale","9":"first","10":"instock","11":"featured","12":"shipping-taxable","13":"purchasable","14":"product-type-simple"},"_links":{"self":[{"href":"https:\/\/www.michlmichl.ch\/wordpress_2\/index.php\/wp-json\/wp\/v2\/product\/1996","targetHints":{"allow":["GET"]}}],"collection":[{"href":"https:\/\/www.michlmichl.ch\/wordpress_2\/index.php\/wp-json\/wp\/v2\/product"}],"about":[{"href":"https:\/\/www.michlmichl.ch\/wordpress_2\/index.php\/wp-json\/wp\/v2\/types\/product"}],"replies":[{"embeddable":true,"href":"https:\/\/www.michlmichl.ch\/wordpress_2\/index.php\/wp-json\/wp\/v2\/comments?post=1996"}],"wp:featuredmedia":[{"embeddable":true,"href":"https:\/\/www.michlmichl.ch\/wordpress_2\/index.php\/wp-json\/wp\/v2\/media\/187"}],"wp:attachment":[{"href":"https:\/\/www.michlmichl.ch\/wordpress_2\/index.php\/wp-json\/wp\/v2\/media?parent=1996"}],"wp:term":[{"taxonomy":"product_brand","embeddable":true,"href":"https:\/\/www.michlmichl.ch\/wordpress_2\/index.php\/wp-json\/wp\/v2\/product_brand?post=1996"},{"taxonomy":"product_cat","embeddable":true,"href":"https:\/\/www.michlmichl.ch\/wordpress_2\/index.php\/wp-json\/wp\/v2\/product_cat?post=1996"},{"taxonomy":"product_tag","embeddable":true,"href":"https:\/\/www.michlmichl.ch\/wordpress_2\/index.php\/wp-json\/wp\/v2\/product_tag?post=1996"}],"curies":[{"name":"wp","href":"https:\/\/api.w.org\/{rel}","templated":true}]}}