{"id":2320,"date":"2018-07-31T10:14:00","date_gmt":"2018-07-31T08:14:00","guid":{"rendered":"http:\/\/www.michlmichl.ch\/wordpress_2\/?post_type=product&#038;p=2320"},"modified":"2025-08-11T19:29:16","modified_gmt":"2025-08-11T17:29:16","slug":"saharaoui-kopie","status":"publish","type":"product","link":"https:\/\/www.michlmichl.ch\/wordpress_2\/index.php\/produkt\/saharaoui-kopie\/","title":{"rendered":"Saharaoui"},"content":{"rendered":"","protected":false},"excerpt":{"rendered":"<p>In \u00abSaharaoui\u00bb berichtet der Autor und Reisejournalist von den Tomatenkulturen der Westsahara, von einem Frachtschiff-Trip auf dem \u00abHighway to Ocean\u00bb \u00fcber den Atlantik und durch die Grossen Seen Nordamerikas. Im Sommer, mittem im italienischen \u00abFerragosto\u00bb begleitet er einen Zirkus auf seiner Reise vom Burgund auf die Liparischen Inseln.<br \/>\n[acx_slideshow name=&#187;saharaoui slide&#187;]<br \/>\nAuch im dritten Band der grippedb\u00e4g-Reihe schafft es der Erz\u00e4hler in seinem eigenen, humorig-ironischen und subjektiven Stil packende Reisereportagen zu vermitteln. Dabei sind seine Ziele nicht aussergew\u00f6hnlich, ungew\u00f6hnlich ist, wie er das Erlebte aufarbeitet: Bunt, witzig, spannend und manchmal etwas schr\u00e4g. Man mag seinen Stil dem internationalen Genre des \u00abGonzo-Journalismus\u00bb zuordnen, doch der Ostschweizer Autor meint: \u00abIch schreibe Reportagen, weil mich die Eindr\u00fccke sonst verr\u00fcckt werden liessen.\u00bb<\/p>\n","protected":false},"featured_media":188,"comment_status":"closed","ping_status":"closed","template":"","meta":[],"product_brand":[],"product_cat":[45],"product_tag":[],"class_list":{"0":"post-2320","1":"product","2":"type-product","3":"status-publish","4":"has-post-thumbnail","6":"product_cat-e-book","7":"product_shipping_class-versand-ohne-portopauschale","9":"first","10":"instock","11":"featured","12":"downloadable","13":"shipping-taxable","14":"purchasable","15":"product-type-simple"},"_links":{"self":[{"href":"https:\/\/www.michlmichl.ch\/wordpress_2\/index.php\/wp-json\/wp\/v2\/product\/2320","targetHints":{"allow":["GET"]}}],"collection":[{"href":"https:\/\/www.michlmichl.ch\/wordpress_2\/index.php\/wp-json\/wp\/v2\/product"}],"about":[{"href":"https:\/\/www.michlmichl.ch\/wordpress_2\/index.php\/wp-json\/wp\/v2\/types\/product"}],"replies":[{"embeddable":true,"href":"https:\/\/www.michlmichl.ch\/wordpress_2\/index.php\/wp-json\/wp\/v2\/comments?post=2320"}],"wp:featuredmedia":[{"embeddable":true,"href":"https:\/\/www.michlmichl.ch\/wordpress_2\/index.php\/wp-json\/wp\/v2\/media\/188"}],"wp:attachment":[{"href":"https:\/\/www.michlmichl.ch\/wordpress_2\/index.php\/wp-json\/wp\/v2\/media?parent=2320"}],"wp:term":[{"taxonomy":"product_brand","embeddable":true,"href":"https:\/\/www.michlmichl.ch\/wordpress_2\/index.php\/wp-json\/wp\/v2\/product_brand?post=2320"},{"taxonomy":"product_cat","embeddable":true,"href":"https:\/\/www.michlmichl.ch\/wordpress_2\/index.php\/wp-json\/wp\/v2\/product_cat?post=2320"},{"taxonomy":"product_tag","embeddable":true,"href":"https:\/\/www.michlmichl.ch\/wordpress_2\/index.php\/wp-json\/wp\/v2\/product_tag?post=2320"}],"curies":[{"name":"wp","href":"https:\/\/api.w.org\/{rel}","templated":true}]}}