{"id":2436,"date":"2018-11-12T13:30:24","date_gmt":"2018-11-12T12:30:24","guid":{"rendered":"https:\/\/www.michlmichl.ch\/wordpress_2\/?post_type=product&#038;p=2436"},"modified":"2026-04-14T15:51:55","modified_gmt":"2026-04-14T15:51:55","slug":"sakartwelo-e-buch","status":"publish","type":"product","link":"https:\/\/www.michlmichl.ch\/wordpress_2\/index.php\/produkt\/sakartwelo-e-buch\/","title":{"rendered":"Sakartwelo"},"content":{"rendered":"","protected":false},"excerpt":{"rendered":"<p lang=\"de-DE\" align=\"justify\">In seinem am\u00fcsanten, anregenden und leicht verst\u00e4ndlichen Stil schreibt Michael Hug in \u00abSakartwelo\u00bb &#8211; der georgische Name f\u00fcr Georgien &#8211; von einer Reise ins Herz des Kaukasus. Auf dem Landweg reist der Autor von Mitteleuropa nach Griechenland und durch die T\u00fcrkei nach Tiflis zu seinem Freund Giga, der, durchgesch\u00fcttelt durch die politischen Wirren nach der Unabh\u00e4ngigkeit seines Landes nach neuem Halt sucht. Zur\u00fcck in seiner Heimat, ordnet auch der Autor sein Dasein neu. In \u00abSakartwelo\u00bb hat der Autor seinem Leben neue, vergn\u00fcgliche, manchmal schr\u00e4ge Episoden hinzugef\u00fcgt und berichtet uns dar\u00fcber.<\/p>\n","protected":false},"featured_media":2384,"comment_status":"closed","ping_status":"closed","template":"","meta":[],"product_brand":[],"product_cat":[45],"product_tag":[55,60],"class_list":{"0":"post-2436","1":"product","2":"type-product","3":"status-publish","4":"has-post-thumbnail","6":"product_cat-e-book","7":"product_tag-reisebuch","8":"product_tag-sakartwelo","9":"product_shipping_class-versand-ohne-portopauschale","11":"first","12":"instock","13":"downloadable","14":"shipping-taxable","15":"purchasable","16":"product-type-simple"},"_links":{"self":[{"href":"https:\/\/www.michlmichl.ch\/wordpress_2\/index.php\/wp-json\/wp\/v2\/product\/2436","targetHints":{"allow":["GET"]}}],"collection":[{"href":"https:\/\/www.michlmichl.ch\/wordpress_2\/index.php\/wp-json\/wp\/v2\/product"}],"about":[{"href":"https:\/\/www.michlmichl.ch\/wordpress_2\/index.php\/wp-json\/wp\/v2\/types\/product"}],"replies":[{"embeddable":true,"href":"https:\/\/www.michlmichl.ch\/wordpress_2\/index.php\/wp-json\/wp\/v2\/comments?post=2436"}],"wp:featuredmedia":[{"embeddable":true,"href":"https:\/\/www.michlmichl.ch\/wordpress_2\/index.php\/wp-json\/wp\/v2\/media\/2384"}],"wp:attachment":[{"href":"https:\/\/www.michlmichl.ch\/wordpress_2\/index.php\/wp-json\/wp\/v2\/media?parent=2436"}],"wp:term":[{"taxonomy":"product_brand","embeddable":true,"href":"https:\/\/www.michlmichl.ch\/wordpress_2\/index.php\/wp-json\/wp\/v2\/product_brand?post=2436"},{"taxonomy":"product_cat","embeddable":true,"href":"https:\/\/www.michlmichl.ch\/wordpress_2\/index.php\/wp-json\/wp\/v2\/product_cat?post=2436"},{"taxonomy":"product_tag","embeddable":true,"href":"https:\/\/www.michlmichl.ch\/wordpress_2\/index.php\/wp-json\/wp\/v2\/product_tag?post=2436"}],"curies":[{"name":"wp","href":"https:\/\/api.w.org\/{rel}","templated":true}]}}