{"id":3260,"date":"2020-09-08T20:05:23","date_gmt":"2020-09-08T18:05:23","guid":{"rendered":"https:\/\/www.michlmichl.ch\/wordpress_2\/?post_type=product&#038;p=3260"},"modified":"2025-08-11T19:28:37","modified_gmt":"2025-08-11T17:28:37","slug":"mediterranea-e-buch","status":"publish","type":"product","link":"https:\/\/www.michlmichl.ch\/wordpress_2\/index.php\/produkt\/mediterranea-e-buch\/","title":{"rendered":"Mediterranea"},"content":{"rendered":"","protected":false},"excerpt":{"rendered":"<p lang=\"de-DE\" align=\"justify\">In seinem am\u00fcsanten, anregenden und leicht verst\u00e4ndlichen Stil schreibt Michael Hug in \u00abMediterranea\u00bb von Reisen mit dem Containerschiff \u00abHydra\u00bb ums Horn von Afrika, von einer enthaltsamen Erfahrung auf der M\u00f6nchs-Insel Athos, von einem besonderen Winter bei Chaosmam und Schlummmami. Zur\u00fcck in seiner Heimat, ordnet der Autor sein Dasein neu. In \u00abMediterranea\u00bb hat der Autor seinem Leben neue, vergn\u00fcgliche, manchmal schr\u00e4ge Episoden hinzugef\u00fcgt und berichtet uns dar\u00fcber.<\/p>\n","protected":false},"featured_media":3264,"comment_status":"closed","ping_status":"closed","template":"","meta":[],"product_brand":[],"product_cat":[45],"product_tag":[136,135,134,55,137],"class_list":{"0":"post-3260","1":"product","2":"type-product","3":"status-publish","4":"has-post-thumbnail","6":"product_cat-e-book","7":"product_tag-cma-cgm","8":"product_tag-hydra","9":"product_tag-mediterranea","10":"product_tag-reisebuch","11":"product_tag-suez-kanal","12":"product_shipping_class-versand-ohne-portopauschale","14":"first","15":"instock","16":"downloadable","17":"shipping-taxable","18":"purchasable","19":"product-type-simple"},"_links":{"self":[{"href":"https:\/\/www.michlmichl.ch\/wordpress_2\/index.php\/wp-json\/wp\/v2\/product\/3260","targetHints":{"allow":["GET"]}}],"collection":[{"href":"https:\/\/www.michlmichl.ch\/wordpress_2\/index.php\/wp-json\/wp\/v2\/product"}],"about":[{"href":"https:\/\/www.michlmichl.ch\/wordpress_2\/index.php\/wp-json\/wp\/v2\/types\/product"}],"replies":[{"embeddable":true,"href":"https:\/\/www.michlmichl.ch\/wordpress_2\/index.php\/wp-json\/wp\/v2\/comments?post=3260"}],"wp:featuredmedia":[{"embeddable":true,"href":"https:\/\/www.michlmichl.ch\/wordpress_2\/index.php\/wp-json\/wp\/v2\/media\/3264"}],"wp:attachment":[{"href":"https:\/\/www.michlmichl.ch\/wordpress_2\/index.php\/wp-json\/wp\/v2\/media?parent=3260"}],"wp:term":[{"taxonomy":"product_brand","embeddable":true,"href":"https:\/\/www.michlmichl.ch\/wordpress_2\/index.php\/wp-json\/wp\/v2\/product_brand?post=3260"},{"taxonomy":"product_cat","embeddable":true,"href":"https:\/\/www.michlmichl.ch\/wordpress_2\/index.php\/wp-json\/wp\/v2\/product_cat?post=3260"},{"taxonomy":"product_tag","embeddable":true,"href":"https:\/\/www.michlmichl.ch\/wordpress_2\/index.php\/wp-json\/wp\/v2\/product_tag?post=3260"}],"curies":[{"name":"wp","href":"https:\/\/api.w.org\/{rel}","templated":true}]}}