{"id":3274,"date":"2015-10-26T18:18:44","date_gmt":"2015-10-26T17:18:44","guid":{"rendered":"https:\/\/www.michlmichl.ch\/wordpress_2\/?post_type=product&#038;p=3274"},"modified":"2025-08-11T19:29:48","modified_gmt":"2025-08-11T17:29:48","slug":"tre-vulcani-e-buch","status":"publish","type":"product","link":"https:\/\/www.michlmichl.ch\/wordpress_2\/index.php\/produkt\/tre-vulcani-e-buch\/","title":{"rendered":"Tre Vulcani"},"content":{"rendered":"","protected":false},"excerpt":{"rendered":"<p lang=\"de-DE\" align=\"justify\">In seinem am\u00fcsanten, anregenden und leicht verst\u00e4ndlichen Stil schreibt Michael Hug in \u00abTre Vulcani\u00bb \u00fcber Wanderungen \u00fcber glutheisse Lava, das ausgel\u00f6schte Dorf Pompeij und den unbezwungenen gr\u00f6ssten aller drei, den Aetna. Michael Hug beschreibt in diesem Buch auf seine gewohnt witzige, am\u00fcsante und s\u00fcffige Weise weitere Reisen, die er, neugierig und stets auf der Suche nach Ungew\u00f6hnlichem, unternommen hat. Der Autor l\u00e4sst die Lesenden dieses Buchs tief in die Abenteuer einsinken \u2013 so als w\u00e4ren sie \u00ablive\u00bb dabei. Das Schlusskapitel bildet eine kurzweilige Reise nach Casablanca.<\/p>\n<p>In \u00abTre Vulcani\u00bb hat der Autor seinem Leben neue, vergn\u00fcgliche, manchmal schr\u00e4ge Episoden hinzugef\u00fcgt und berichtet uns dar\u00fcber.<\/p>\n","protected":false},"featured_media":3275,"comment_status":"closed","ping_status":"closed","template":"","meta":[],"product_brand":[],"product_cat":[45],"product_tag":[145,149,150,148,143,152,151,153,55,154,147,144,146],"class_list":{"0":"post-3274","1":"product","2":"type-product","3":"status-publish","4":"has-post-thumbnail","6":"product_cat-e-book","7":"product_tag-aetna","8":"product_tag-bagame","9":"product_tag-cheese-rolling","10":"product_tag-corbara","11":"product_tag-drei-vulkane","12":"product_tag-gloucester","13":"product_tag-kaeserollen","14":"product_tag-prag","15":"product_tag-reisebuch","16":"product_tag-scheherazade","17":"product_tag-stromboli","18":"product_tag-tre-vulcani","19":"product_tag-vesuv","20":"product_shipping_class-versand-ohne-portopauschale","22":"first","23":"instock","24":"downloadable","25":"shipping-taxable","26":"purchasable","27":"product-type-simple"},"_links":{"self":[{"href":"https:\/\/www.michlmichl.ch\/wordpress_2\/index.php\/wp-json\/wp\/v2\/product\/3274","targetHints":{"allow":["GET"]}}],"collection":[{"href":"https:\/\/www.michlmichl.ch\/wordpress_2\/index.php\/wp-json\/wp\/v2\/product"}],"about":[{"href":"https:\/\/www.michlmichl.ch\/wordpress_2\/index.php\/wp-json\/wp\/v2\/types\/product"}],"replies":[{"embeddable":true,"href":"https:\/\/www.michlmichl.ch\/wordpress_2\/index.php\/wp-json\/wp\/v2\/comments?post=3274"}],"wp:featuredmedia":[{"embeddable":true,"href":"https:\/\/www.michlmichl.ch\/wordpress_2\/index.php\/wp-json\/wp\/v2\/media\/3275"}],"wp:attachment":[{"href":"https:\/\/www.michlmichl.ch\/wordpress_2\/index.php\/wp-json\/wp\/v2\/media?parent=3274"}],"wp:term":[{"taxonomy":"product_brand","embeddable":true,"href":"https:\/\/www.michlmichl.ch\/wordpress_2\/index.php\/wp-json\/wp\/v2\/product_brand?post=3274"},{"taxonomy":"product_cat","embeddable":true,"href":"https:\/\/www.michlmichl.ch\/wordpress_2\/index.php\/wp-json\/wp\/v2\/product_cat?post=3274"},{"taxonomy":"product_tag","embeddable":true,"href":"https:\/\/www.michlmichl.ch\/wordpress_2\/index.php\/wp-json\/wp\/v2\/product_tag?post=3274"}],"curies":[{"name":"wp","href":"https:\/\/api.w.org\/{rel}","templated":true}]}}