{"id":3281,"date":"2020-10-28T16:52:55","date_gmt":"2020-10-28T15:52:55","guid":{"rendered":"https:\/\/www.michlmichl.ch\/wordpress_2\/?post_type=product&#038;p=3281"},"modified":"2026-04-14T15:49:48","modified_gmt":"2026-04-14T15:49:48","slug":"alexandrina-2","status":"publish","type":"product","link":"https:\/\/www.michlmichl.ch\/wordpress_2\/index.php\/produkt\/alexandrina-2\/","title":{"rendered":"Alexandrina"},"content":{"rendered":"<p>gedruckte Ausgabe mit Gummi drum<\/p>\n","protected":false},"excerpt":{"rendered":"<p lang=\"de-DE\" align=\"justify\"><span style=\"color: #000000;\">In seinem am\u00fcsanten, anregenden und leicht verst\u00e4ndlichen Stil schreibt Michael Hug in \u00abAlexandrina\u00bb von einer Reise in zw\u00f6lf Tagen um die Welt. Kaum wieder in seiner Heimat zog es den Autor schon wieder hinaus &#8211; nach S\u00fcdindien, in eine Ayurveda-Klinik. Der Name \u00abEden Garden\u00bb verspricht viel und h\u00e4lt fast alles. Als das Jahr fast um ist, f\u00e4hrt Michi nach Alexandria und dann den Nil hinauf. Doch hier endet das Buch &#8211; aber nicht die Reise.<\/span><\/p>\n<p>In \u00abAlexandrina\u00bb hat der Autor seinem Leben neue, vergn\u00fcgliche, manchmal schr\u00e4ge Episoden hinzugef\u00fcgt und berichtet uns dar\u00fcber.<\/p>\n","protected":false},"featured_media":3267,"comment_status":"closed","ping_status":"closed","template":"","meta":[],"product_brand":[],"product_cat":[44],"product_tag":[138,141,55,142,139],"class_list":{"0":"post-3281","1":"product","2":"type-product","3":"status-publish","4":"has-post-thumbnail","6":"product_cat-uncategorized","7":"product_tag-alexandrina","8":"product_tag-kairo","9":"product_tag-reisebuch","10":"product_tag-rockaroundtheworld","11":"product_tag-varkala","12":"product_shipping_class-versand-mit-portopauschale","14":"first","15":"instock","16":"shipping-taxable","17":"purchasable","18":"product-type-simple"},"_links":{"self":[{"href":"https:\/\/www.michlmichl.ch\/wordpress_2\/index.php\/wp-json\/wp\/v2\/product\/3281","targetHints":{"allow":["GET"]}}],"collection":[{"href":"https:\/\/www.michlmichl.ch\/wordpress_2\/index.php\/wp-json\/wp\/v2\/product"}],"about":[{"href":"https:\/\/www.michlmichl.ch\/wordpress_2\/index.php\/wp-json\/wp\/v2\/types\/product"}],"replies":[{"embeddable":true,"href":"https:\/\/www.michlmichl.ch\/wordpress_2\/index.php\/wp-json\/wp\/v2\/comments?post=3281"}],"wp:featuredmedia":[{"embeddable":true,"href":"https:\/\/www.michlmichl.ch\/wordpress_2\/index.php\/wp-json\/wp\/v2\/media\/3267"}],"wp:attachment":[{"href":"https:\/\/www.michlmichl.ch\/wordpress_2\/index.php\/wp-json\/wp\/v2\/media?parent=3281"}],"wp:term":[{"taxonomy":"product_brand","embeddable":true,"href":"https:\/\/www.michlmichl.ch\/wordpress_2\/index.php\/wp-json\/wp\/v2\/product_brand?post=3281"},{"taxonomy":"product_cat","embeddable":true,"href":"https:\/\/www.michlmichl.ch\/wordpress_2\/index.php\/wp-json\/wp\/v2\/product_cat?post=3281"},{"taxonomy":"product_tag","embeddable":true,"href":"https:\/\/www.michlmichl.ch\/wordpress_2\/index.php\/wp-json\/wp\/v2\/product_tag?post=3281"}],"curies":[{"name":"wp","href":"https:\/\/api.w.org\/{rel}","templated":true}]}}