{"id":3546,"date":"2023-10-11T10:03:27","date_gmt":"2023-10-11T08:03:27","guid":{"rendered":"https:\/\/www.michlmichl.ch\/wordpress_2\/?post_type=product&#038;p=3546"},"modified":"2026-04-14T15:49:07","modified_gmt":"2026-04-14T15:49:07","slug":"desert-train","status":"publish","type":"product","link":"https:\/\/www.michlmichl.ch\/wordpress_2\/index.php\/produkt\/desert-train\/","title":{"rendered":"Desert Train"},"content":{"rendered":"<p>gedruckte Ausgabe mit Gummi drum<\/p>\n","protected":false},"excerpt":{"rendered":"<p><span style=\"color: #000000;\">In seinem am\u00fcsanten, anregenden und leicht verst\u00e4ndlichen Stil schreibt Michael Hug in \u00abDesert Train\u00bb von einer Reise mit dem W\u00fcstenzug in Mauretanien. Die abenteuerliche Fahrt durch die W\u00fcste hat der Reisende akribisch aufgezeichnet. Man f\u00fchlt f\u00f6rmlich die Hitze der Sahara, das Leben der Nomadenbewohner, die Einsamkeit in der total verlassenen Weite der gr\u00f6ssten W\u00fcste der Welt. Hug hat noch andere L\u00e4nder bereist: den Sudan, \u00c4gypten, den Oman, die Stadt Beirut. \u00abDesert Train\u00bb schliesst mit einer Reportage aus Pripjat, der verlassenen \u00abAtomstadt\u00bb bei Tschernobyl.<br \/>\n<\/span><\/p>\n<p>In \u00abDesert Train\u00bb hat der Autor seinem Leben neue, vergn\u00fcgliche, manchmal schr\u00e4ge Episoden hinzugef\u00fcgt und berichtet uns dar\u00fcber.<\/p>\n","protected":false},"featured_media":3959,"comment_status":"closed","ping_status":"closed","template":"","meta":[],"product_brand":[],"product_cat":[44],"product_tag":[180,173,174,177,176,179,178,55,142,175],"class_list":{"0":"post-3546","1":"product","2":"type-product","3":"status-publish","4":"has-post-thumbnail","6":"product_cat-uncategorized","7":"product_tag-beirut","8":"product_tag-desert-train","9":"product_tag-mauretanien","10":"product_tag-nouadibou","11":"product_tag-nouakschott","12":"product_tag-oman","13":"product_tag-ore-train","14":"product_tag-reisebuch","15":"product_tag-rockaroundtheworld","16":"product_tag-sudan","17":"product_shipping_class-versand-mit-portopauschale","19":"first","20":"instock","21":"shipping-taxable","22":"purchasable","23":"product-type-simple"},"_links":{"self":[{"href":"https:\/\/www.michlmichl.ch\/wordpress_2\/index.php\/wp-json\/wp\/v2\/product\/3546","targetHints":{"allow":["GET"]}}],"collection":[{"href":"https:\/\/www.michlmichl.ch\/wordpress_2\/index.php\/wp-json\/wp\/v2\/product"}],"about":[{"href":"https:\/\/www.michlmichl.ch\/wordpress_2\/index.php\/wp-json\/wp\/v2\/types\/product"}],"replies":[{"embeddable":true,"href":"https:\/\/www.michlmichl.ch\/wordpress_2\/index.php\/wp-json\/wp\/v2\/comments?post=3546"}],"wp:featuredmedia":[{"embeddable":true,"href":"https:\/\/www.michlmichl.ch\/wordpress_2\/index.php\/wp-json\/wp\/v2\/media\/3959"}],"wp:attachment":[{"href":"https:\/\/www.michlmichl.ch\/wordpress_2\/index.php\/wp-json\/wp\/v2\/media?parent=3546"}],"wp:term":[{"taxonomy":"product_brand","embeddable":true,"href":"https:\/\/www.michlmichl.ch\/wordpress_2\/index.php\/wp-json\/wp\/v2\/product_brand?post=3546"},{"taxonomy":"product_cat","embeddable":true,"href":"https:\/\/www.michlmichl.ch\/wordpress_2\/index.php\/wp-json\/wp\/v2\/product_cat?post=3546"},{"taxonomy":"product_tag","embeddable":true,"href":"https:\/\/www.michlmichl.ch\/wordpress_2\/index.php\/wp-json\/wp\/v2\/product_tag?post=3546"}],"curies":[{"name":"wp","href":"https:\/\/api.w.org\/{rel}","templated":true}]}}