{"id":4226,"date":"2026-04-15T07:19:34","date_gmt":"2026-04-15T07:19:34","guid":{"rendered":"https:\/\/www.michlmichl.ch\/wordpress_2\/?post_type=product&#038;p=4226"},"modified":"2026-04-15T07:31:17","modified_gmt":"2026-04-15T07:31:17","slug":"white-rabbit-2","status":"publish","type":"product","link":"https:\/\/www.michlmichl.ch\/wordpress_2\/index.php\/produkt\/white-rabbit-2\/","title":{"rendered":"White Rabbit"},"content":{"rendered":"","protected":false},"excerpt":{"rendered":"<p>Harri Held, aka Gipfel, stolpert durch sein Leben voller Zwischen- und Unf\u00e4lle, bis er erkennt, dass in allem ein Sinn innewohnt. In seinem Leben jedoch sieht er keinen Sinn. Langsam, doch kontinuierlich beginnt er sich mit den Menschen, denen er begegnet, wie auch den Umst\u00e4nden, die ihm widerfahren, auseinanderzusetzen. Harri lernt zu unterscheiden zwischen bewusstem Handeln und unbewusstem Reagieren. Noch dazu wird er intuitiv dazu gedr\u00e4ngt, das \u00dcberbewusstsein anzuzapfen. Der weisse Hase hilft ihm auf dem Weg zu seinem pers\u00f6nlichen \u00abHeureka\u00bb:<\/p>\n<p>Der Weg ist das Ziel &#8211; wer das Ziel trifft, verfehlt alles andere.<\/p>\n<p>Michael Hugs \u00abHeureka Drama\u00bb ist eine schelmische Jeremiade auf das Leben. Kritisch, klug, schalkhaft und zuweilen sarkastisch amu\u0308siert sich der Autor an den Grotesken der Gesellschaft, zerlegt minuzi\u00f6s zeitgen\u00f6ssische Charaktere und pfeift auf Sch\u00f6nredner und Maulaffen.<\/p>\n<p>Michael Hugs Roman White Rabbit\u00bb ist der Abschluss der Gipfel-Drama-Trilogie.<\/p>\n","protected":false},"featured_media":4191,"comment_status":"closed","ping_status":"closed","template":"","meta":[],"product_brand":[],"product_cat":[45],"product_tag":[214,222,219,224,158,160,221,215,216,220,159,155,157,156,218,223,213,217],"class_list":{"0":"post-4226","1":"product","2":"type-product","3":"status-publish","4":"has-post-thumbnail","6":"product_cat-e-book","7":"product_tag-alice","8":"product_tag-casa-delfino","9":"product_tag-chania","10":"product_tag-dala-dala","11":"product_tag-drama","12":"product_tag-grippedbaeg","13":"product_tag-heraklion","14":"product_tag-heureka","15":"product_tag-jeremiade","16":"product_tag-kreta","17":"product_tag-michael-hug","18":"product_tag-psychodrama","19":"product_tag-psychoroman","20":"product_tag-roman","21":"product_tag-sansibar","22":"product_tag-sulzer-gelenk","23":"product_tag-white-rabbit","24":"product_tag-zanzibar","25":"product_shipping_class-versand-mit-portopauschale","27":"first","28":"instock","29":"featured","30":"downloadable","31":"shipping-taxable","32":"purchasable","33":"product-type-simple"},"_links":{"self":[{"href":"https:\/\/www.michlmichl.ch\/wordpress_2\/index.php\/wp-json\/wp\/v2\/product\/4226","targetHints":{"allow":["GET"]}}],"collection":[{"href":"https:\/\/www.michlmichl.ch\/wordpress_2\/index.php\/wp-json\/wp\/v2\/product"}],"about":[{"href":"https:\/\/www.michlmichl.ch\/wordpress_2\/index.php\/wp-json\/wp\/v2\/types\/product"}],"replies":[{"embeddable":true,"href":"https:\/\/www.michlmichl.ch\/wordpress_2\/index.php\/wp-json\/wp\/v2\/comments?post=4226"}],"wp:featuredmedia":[{"embeddable":true,"href":"https:\/\/www.michlmichl.ch\/wordpress_2\/index.php\/wp-json\/wp\/v2\/media\/4191"}],"wp:attachment":[{"href":"https:\/\/www.michlmichl.ch\/wordpress_2\/index.php\/wp-json\/wp\/v2\/media?parent=4226"}],"wp:term":[{"taxonomy":"product_brand","embeddable":true,"href":"https:\/\/www.michlmichl.ch\/wordpress_2\/index.php\/wp-json\/wp\/v2\/product_brand?post=4226"},{"taxonomy":"product_cat","embeddable":true,"href":"https:\/\/www.michlmichl.ch\/wordpress_2\/index.php\/wp-json\/wp\/v2\/product_cat?post=4226"},{"taxonomy":"product_tag","embeddable":true,"href":"https:\/\/www.michlmichl.ch\/wordpress_2\/index.php\/wp-json\/wp\/v2\/product_tag?post=4226"}],"curies":[{"name":"wp","href":"https:\/\/api.w.org\/{rel}","templated":true}]}}